{"id":611,"date":"2015-03-17T18:36:18","date_gmt":"2015-03-17T18:36:18","guid":{"rendered":"http:\/\/cavokconseil.fr\/mdvelea\/?page_id=611"},"modified":"2022-03-14T18:27:00","modified_gmt":"2022-03-14T18:27:00","slug":"sophrologie-pour-acouphenes-ou-hyperacousie","status":"publish","type":"page","link":"https:\/\/cavokconseil.fr\/mdvelea\/?page_id=611","title":{"rendered":"Sophrologie pour acouph\u00e8nes"},"content":{"rendered":"<h3>Sophrologie pour acouph\u00e8nes ou hyperacousie ou vertiges<\/h3>\n<p><em>L\u2019acouph\u00e8ne se d\u00e9finit comme la perception par un individu, d\u2019un bruit sans stimulus correspondant dans son environnement.<\/em><\/p>\n<p><em>Ce bruit peut \u00eatre per\u00e7u dans l\u2019une ou l\u2019autre oreille, comme dans les deux ou parfois dans la t\u00eate. Le son est continu ou intermittent, de type bourdonnement, sifflement, gr\u00e9sillement ou battement cardiaque.<\/em><\/p>\n<p><em>Certains acouph\u00e8nes se produisent suite \u00e0 une sollicitation importante de l\u2019oreille (concert, boite de nuit etc) et disparaissent souvent dans les 24 H. D\u2019autres peuvent survenir apr\u00e8s un choc traumatique, des m\u00e9dicaments ototoxiques, des infections etc\u2026<\/em><\/p>\n<p><em>On note souvent un profil anxieux, perfectionniste chez l\u2019acouph\u00e9nique.<\/em><\/p>\n<p><em><span style=\"text-decoration: underline;\">La prise en charge commence toujours par un diagnostic clair d\u2019un ORL<\/span>, et selon l\u2019ampleur de la g\u00e8ne et selon les causes, l\u2019intervention d\u2019un audioproth\u00e9siste, d\u2019un ost\u00e9opathe ou d\u2019un sophrologue.<\/em><\/p>\n<p>&nbsp;<\/p>\n<p>La sophrologie r\u00e9pond au probl\u00e8me \u00e9motionnel li\u00e9 \u00e0 l\u2019acouph\u00e8ne, ainsi qu\u2019\u00e0 l\u2019\u00e9puisement, troubles de la concentration, maux de t\u00eate, troubles du sommeil \u00a0etc \u00a0qui accompagnent souvent ce sympt\u00f4me.<\/p>\n<p>Les techniques sophrologiques vont tout d\u2019abord \u00a0vous aider \u00e0 rep\u00e9rer si l\u2019acouph\u00e8ne est associ\u00e9e \u00e0 un \u00e9v\u00e8nement pr\u00e9cis dans votre vie et rep\u00e9rer l\u2019\u00e9motion associ\u00e9e.<\/p>\n<p>Puis le travail va vous accompagner \u00e0 int\u00e9grer votre\u00a0acouph\u00e8ne dans votre\u00a0vie. On appelle ce m\u00e9canisme l\u2019habituation. Cette habituation permettra au stimulus de ne plus entrainer de r\u00e9action du syst\u00e8me nerveux. Le cerveau pourra\u00a0alors d\u00e9focaliser, car il ne jugera plus le son de l\u2019acouph\u00e8ne pertinent.<\/p>\n<p>&nbsp;<\/p>\n<h6 class=\"clr-9 p6\"><\/h6>\n<p>Comment la Sophrologie\u00a0agit-t\u2019elle\u00a0?<\/p>\n<p>Vous apprenez\u00a0tout d&rsquo;abord des mouvements de relaxation dynamiques qui vous sont adapt\u00e9s, puis ma voix vous accompagne dans la d\u00e9tente en vous amenant dans un \u00e9tat de r\u00e9ceptivit\u00e9 sp\u00e9cifique, entre veille et sommeil, ce qui facilite la prise de conscience de sensations agr\u00e9ables et positives. Dans ce niveau de d\u00e9tente profond, le cerveau conscient et conceptuel voit son activit\u00e9 diminuer.\u00a0Les images et les suggestions sont enregistr\u00e9es par le cerveau et auront une influence d\u00e9terminante sur votre\u00a0comportement face \u00e0 vos sympt\u00f4mes.<\/p>\n<p>Quel est le r\u00e9sultat\u00a0?<br \/>\nLe patient, au fur et \u00e0 mesure de sa prise en charge, acquiert dans son quotidien des \u00ab\u00a0r\u00e9flexes d\u00e9tente\u00a0\u00bb et obtient un impact favorable sur le plan physique, mental et \u00e9motionnel.\u00a0Il est moins anxieux et il retrouve une qualit\u00e9 de vie (calme, concentration, sommeil).\u00a0Il y a alors modification de la perception de l\u2019acouph\u00e8ne et mise \u00e0 distance des bruits parasites.<\/p>\n<p>&nbsp;<\/p>\n<h3 style=\"text-align: center;\"><\/h3>\n<p>Je travaille\u00a0 en lien avec la JNA (journ\u00e9e nationale de l&rsquo;Audition) qui oeuvre depuis presque 20 ans pour le mieux \u00eatre de ces patients.<\/p>\n<h3 style=\"text-align: center;\"><\/h3>\n<p>&nbsp;<\/p>\n<h1><\/h1>\n<h5><\/h5>\n","protected":false},"excerpt":{"rendered":"<p>Sophrologie pour acouph\u00e8nes ou hyperacousie ou vertiges L\u2019acouph\u00e8ne se d\u00e9finit comme la perception par un individu, d\u2019un bruit sans stimulus correspondant dans son environnement. Ce bruit peut \u00eatre per\u00e7u dans l\u2019une ou l\u2019autre oreille, comme dans les deux ou parfois &hellip; <a href=\"https:\/\/cavokconseil.fr\/mdvelea\/?page_id=611\">Continue reading <span class=\"meta-nav\">&rarr;<\/span><\/a><\/p>\n","protected":false},"author":1,"featured_media":0,"parent":0,"menu_order":45,"comment_status":"open","ping_status":"open","template":"","meta":[],"_links":{"self":[{"href":"https:\/\/cavokconseil.fr\/mdvelea\/index.php?rest_route=\/wp\/v2\/pages\/611"}],"collection":[{"href":"https:\/\/cavokconseil.fr\/mdvelea\/index.php?rest_route=\/wp\/v2\/pages"}],"about":[{"href":"https:\/\/cavokconseil.fr\/mdvelea\/index.php?rest_route=\/wp\/v2\/types\/page"}],"author":[{"embeddable":true,"href":"https:\/\/cavokconseil.fr\/mdvelea\/index.php?rest_route=\/wp\/v2\/users\/1"}],"replies":[{"embeddable":true,"href":"https:\/\/cavokconseil.fr\/mdvelea\/index.php?rest_route=%2Fwp%2Fv2%2Fcomments&post=611"}],"version-history":[{"count":20,"href":"https:\/\/cavokconseil.fr\/mdvelea\/index.php?rest_route=\/wp\/v2\/pages\/611\/revisions"}],"predecessor-version":[{"id":789,"href":"https:\/\/cavokconseil.fr\/mdvelea\/index.php?rest_route=\/wp\/v2\/pages\/611\/revisions\/789"}],"wp:attachment":[{"href":"https:\/\/cavokconseil.fr\/mdvelea\/index.php?rest_route=%2Fwp%2Fv2%2Fmedia&parent=611"}],"curies":[{"name":"wp","href":"https:\/\/api.w.org\/{rel}","templated":true}]}}